{"id":99,"date":"2017-02-26T18:55:46","date_gmt":"2017-02-26T18:55:46","guid":{"rendered":"https:\/\/eventosmusixpand.wordpress.com\/?page_id=99"},"modified":"2019-10-10T12:18:03","modified_gmt":"2019-10-10T10:18:03","slug":"descargas","status":"publish","type":"page","link":"https:\/\/blog.musixpand.org\/?page_id=99","title":{"rendered":"Descargas"},"content":{"rendered":"<h2 style=\"text-align: center;\">Documentos descargables<\/h2>\n<h3>Presentaci\u00f3n de la asociaci\u00f3n<\/h3>\n<h4>Castellano (espa\u00f1ol)<\/h4>\n<p>Presentaci\u00f3n de la asociaci\u00f3n:<a href=\"https:\/\/blog.musixpand.org\/wp-content\/uploads\/2019\/10\/MusiXpand_presentation_re\u0301vision-2019_Fr_Web.pdf\" target=\"_blank\" rel=\"noopener noreferrer\">MusiXpand_presentation_re\u0301vision-2019_Fr_Web<\/a><\/p>\n<p>Pre-requisitos m\u00fasicos que quieren colaborar con nosotros: <a href=\"https:\/\/blog.musixpand.org\/wp-content\/uploads\/2019\/07\/MusiXpand_requisitos-mu\u0301sicos_rev-2019_1.pdf\" target=\"_blank\" rel=\"noopener noreferrer\">MusiXpand_requisitos mu\u0301sicos_rev-2019_1<\/a><\/p>\n<h4>Fran\u00e7ais<\/h4>\n<p>Pr\u00e9sentation de l&#8217;association : <a href=\"https:\/\/blog.musixpand.org\/wp-content\/uploads\/2019\/10\/MusiXpand_presentation_re\u0301vision-2019_Fr.pdf\" target=\"_blank\" rel=\"noopener noreferrer\">MusiXpand_presentation_re\u0301vision-2019_Fr<\/a><\/p>\n<p>Pr\u00e9-requis musiciens qui souhaitent collaborer : <a href=\"https:\/\/blog.musixpand.org\/wp-content\/uploads\/2019\/07\/MusiXpand_pre\u0301requis-musiciens.pdf\" target=\"_blank\" rel=\"noopener noreferrer\">MusiXpand_pre\u0301requis-musiciens<\/a><\/p>\n","protected":false},"excerpt":{"rendered":"<p>Documentos descargables Presentaci\u00f3n de la asociaci\u00f3n Castellano (espa\u00f1ol) Presentaci\u00f3n de la asociaci\u00f3n:MusiXpand_presentation_re\u0301vision-2019_Fr_Web Pre-requisitos m\u00fasicos que quieren colaborar con nosotros: MusiXpand_requisitos mu\u0301sicos_rev-2019_1 Fran\u00e7ais Pr\u00e9sentation de l&#8217;association : MusiXpand_presentation_re\u0301vision-2019_Fr Pr\u00e9-requis musiciens qui souhaitent collaborer : MusiXpand_pre\u0301requis-musiciens<\/p>\n","protected":false},"author":1,"featured_media":0,"parent":0,"menu_order":1,"comment_status":"closed","ping_status":"closed","template":"","meta":{"footnotes":""},"class_list":["post-99","page","type-page","status-publish","hentry"],"_links":{"self":[{"href":"https:\/\/blog.musixpand.org\/index.php?rest_route=\/wp\/v2\/pages\/99","targetHints":{"allow":["GET"]}}],"collection":[{"href":"https:\/\/blog.musixpand.org\/index.php?rest_route=\/wp\/v2\/pages"}],"about":[{"href":"https:\/\/blog.musixpand.org\/index.php?rest_route=\/wp\/v2\/types\/page"}],"author":[{"embeddable":true,"href":"https:\/\/blog.musixpand.org\/index.php?rest_route=\/wp\/v2\/users\/1"}],"replies":[{"embeddable":true,"href":"https:\/\/blog.musixpand.org\/index.php?rest_route=%2Fwp%2Fv2%2Fcomments&post=99"}],"version-history":[{"count":4,"href":"https:\/\/blog.musixpand.org\/index.php?rest_route=\/wp\/v2\/pages\/99\/revisions"}],"predecessor-version":[{"id":746,"href":"https:\/\/blog.musixpand.org\/index.php?rest_route=\/wp\/v2\/pages\/99\/revisions\/746"}],"wp:attachment":[{"href":"https:\/\/blog.musixpand.org\/index.php?rest_route=%2Fwp%2Fv2%2Fmedia&parent=99"}],"curies":[{"name":"wp","href":"https:\/\/api.w.org\/{rel}","templated":true}]}}