{"id":747,"date":"2019-10-10T12:37:38","date_gmt":"2019-10-10T10:37:38","guid":{"rendered":"https:\/\/blog.musixpand.org\/?page_id=747"},"modified":"2019-10-10T14:08:39","modified_gmt":"2019-10-10T12:08:39","slug":"ingrid-kuschick-%e2%80%a2-artistic-management-consulting","status":"publish","type":"page","link":"https:\/\/blog.musixpand.org\/?page_id=747","title":{"rendered":"Ingrid Kuschick \u2022 Artistic Management &#038; Consulting"},"content":{"rendered":"\t\t<div data-elementor-type=\"wp-page\" data-elementor-id=\"747\" class=\"elementor elementor-747\">\n\t\t\t\t\t\t<section class=\"elementor-section elementor-top-section elementor-element elementor-element-f3efb1c elementor-section-boxed elementor-section-height-default elementor-section-height-default\" data-id=\"f3efb1c\" data-element_type=\"section\">\n\t\t\t\t\t\t<div class=\"elementor-container elementor-column-gap-default\">\n\t\t\t\t\t<div class=\"elementor-column elementor-col-50 elementor-top-column elementor-element elementor-element-1f0b58d\" data-id=\"1f0b58d\" data-element_type=\"column\">\n\t\t\t<div class=\"elementor-widget-wrap elementor-element-populated\">\n\t\t\t\t\t\t<div class=\"elementor-element elementor-element-33e675c elementor-invisible elementor-widget elementor-widget-text-editor\" data-id=\"33e675c\" data-element_type=\"widget\" data-settings=\"{&quot;_animation&quot;:&quot;fadeInLeft&quot;}\" data-widget_type=\"text-editor.default\">\n\t\t\t\t<div class=\"elementor-widget-container\">\n\t\t\t\t\t\t\t\t\t<p style=\"text-align: justify;\">La asociaci\u00f3n MusiXpand siendo asociaci\u00f3n sin fines de lucro y dependiente a la legislaci\u00f3n espa\u00f1ola no puede por si misma organizar o gestionar conciertos. Por ello ha firmado un convenio con la micro-empresa aut\u00f3noma de gesti\u00f3n de artistas <strong>Ingrid Kuschick \u2022 Artistic Management &amp; Consulting<\/strong> para llevar a cabo este tipo de tarea.<\/p><p style=\"text-align: justify;\">Globalmente, MusiXpand establece contactos con artistas susceptibles de estar interesados por sus propuestas, o est\u00e1 contactada por artistas que quieren colaborar. La asociaci\u00f3n se encarga de orientar a los artistas, les ayuda a montar su material gr\u00e1fico promocional y en ciertos casos a crear su p\u00e1gina Web. Tambi\u00e9n organiza formaciones especializadas para ayudarles a mejorar sus prestaciones musicales o conocer mejor en marco jur\u00eddico que rige su actividad.<\/p><p style=\"text-align: justify;\">Ingrid Kuschick \u2022 Artistic Management &amp; Consulting, adem\u00e1s de sus propios artistas, gestiona los tr\u00e1mites de los artistas que le propone MusiXpand en cuanto a b\u00fasqueda de conciertos, la organizaci\u00f3n pr\u00e1ctica de ellos, y la firma de los contratos.<\/p>\t\t\t\t\t\t\t\t<\/div>\n\t\t\t\t<\/div>\n\t\t\t\t\t<\/div>\n\t\t<\/div>\n\t\t\t\t<div class=\"elementor-column elementor-col-50 elementor-top-column elementor-element elementor-element-cb05d64\" data-id=\"cb05d64\" data-element_type=\"column\">\n\t\t\t<div class=\"elementor-widget-wrap elementor-element-populated\">\n\t\t\t\t\t\t<div class=\"elementor-element elementor-element-d803b64 elementor-invisible elementor-widget elementor-widget-text-editor\" data-id=\"d803b64\" data-element_type=\"widget\" data-settings=\"{&quot;_animation&quot;:&quot;fadeInRight&quot;}\" data-widget_type=\"text-editor.default\">\n\t\t\t\t<div class=\"elementor-widget-container\">\n\t\t\t\t\t\t\t\t\t<h2 style=\"text-align: center;\">Datos legales y profesionales<\/h2><h4 style=\"text-align: center;\">Documentos legales<\/h4><p>Convenio con la asociaci\u00f3n internacional MusiXpand : <a href=\"https:\/\/blog.musixpand.org\/wp-content\/uploads\/2019\/07\/Convenio-Musixpand_Ingrid-Kuschick_Facsimil_Web.pdf\">Convenio Musixpand_Ingrid Kuschick_Facsimil_Web<\/a><\/p><p>Poder otorgado por la asociaci\u00f3n : <a href=\"https:\/\/blog.musixpand.org\/wp-content\/uploads\/2019\/07\/MusiXpand_poder-salvoconducto_Ingrid_web.pdf\">MusiXpand_poder-salvoconducto_Ingrid_web<\/a><\/p><h4 style=\"text-align: center;\"><strong>Ingrid Kuschick \u2022 Artistic Management &amp; Consulting<\/strong><\/h4><p>Website:\u00a0<a href=\"https:\/\/www.kuschick.eu\/\" target=\"_blank\" rel=\"noopener noreferrer\">http:\/\/www.kuschick.eu\/<\/a>\u00a0\u2022 E-Mail:\u00a0<a href=\"mailto:artistic-management@kuschick.eu\" target=\"_blank\" rel=\"noopener noreferrer\">artistic-management@kuschick.eu<\/a><\/p><p>Facebook :\u00a0<a href=\"https:\/\/www.facebook.com\/Ingrid-Kuschick-175522402788331\/\" target=\"_blank\" rel=\"noopener noreferrer\">https:\/\/www.facebook.com\/Ingrid-Kuschick-175522402788331\/<\/a><\/p><p>Tel\u00e9fono fijo: +34 946 682 284 \u2022Tel\u00e9fono m\u00f3vil: +34 610 863 369<\/p><p>Ingrid Kuschick tambi\u00e9n est\u00e1 en Twitter : <a href=\"https:\/\/twitter.com\/ingridkuschick\" target=\"_blank\" rel=\"noopener noreferrer\">https:\/\/twitter.com\/ingridkuschick<\/a><\/p>\t\t\t\t\t\t\t\t<\/div>\n\t\t\t\t<\/div>\n\t\t\t\t\t<\/div>\n\t\t<\/div>\n\t\t\t\t\t<\/div>\n\t\t<\/section>\n\t\t\t\t<\/div>\n\t\t","protected":false},"excerpt":{"rendered":"<p>La asociaci\u00f3n MusiXpand siendo asociaci\u00f3n sin fines de lucro y dependiente a la legislaci\u00f3n espa\u00f1ola no puede por si misma organizar o gestionar conciertos. Por ello ha firmado un convenio con la micro-empresa aut\u00f3noma de gesti\u00f3n de artistas Ingrid Kuschick \u2022 Artistic Management &amp; Consulting para llevar a cabo este &hellip;<\/p>\n","protected":false},"author":1,"featured_media":688,"parent":0,"menu_order":1,"comment_status":"closed","ping_status":"closed","template":"elementor_header_footer","meta":{"footnotes":""},"class_list":["post-747","page","type-page","status-publish","has-post-thumbnail","hentry"],"_links":{"self":[{"href":"https:\/\/blog.musixpand.org\/index.php?rest_route=\/wp\/v2\/pages\/747","targetHints":{"allow":["GET"]}}],"collection":[{"href":"https:\/\/blog.musixpand.org\/index.php?rest_route=\/wp\/v2\/pages"}],"about":[{"href":"https:\/\/blog.musixpand.org\/index.php?rest_route=\/wp\/v2\/types\/page"}],"author":[{"embeddable":true,"href":"https:\/\/blog.musixpand.org\/index.php?rest_route=\/wp\/v2\/users\/1"}],"replies":[{"embeddable":true,"href":"https:\/\/blog.musixpand.org\/index.php?rest_route=%2Fwp%2Fv2%2Fcomments&post=747"}],"version-history":[{"count":9,"href":"https:\/\/blog.musixpand.org\/index.php?rest_route=\/wp\/v2\/pages\/747\/revisions"}],"predecessor-version":[{"id":766,"href":"https:\/\/blog.musixpand.org\/index.php?rest_route=\/wp\/v2\/pages\/747\/revisions\/766"}],"wp:featuredmedia":[{"embeddable":true,"href":"https:\/\/blog.musixpand.org\/index.php?rest_route=\/wp\/v2\/media\/688"}],"wp:attachment":[{"href":"https:\/\/blog.musixpand.org\/index.php?rest_route=%2Fwp%2Fv2%2Fmedia&parent=747"}],"curies":[{"name":"wp","href":"https:\/\/api.w.org\/{rel}","templated":true}]}}