{"id":46,"date":"2017-02-25T19:44:32","date_gmt":"2017-02-25T19:44:32","guid":{"rendered":"https:\/\/eventosmusixpand.wordpress.com\/?page_id=46"},"modified":"2018-09-21T14:07:54","modified_gmt":"2018-09-21T12:07:54","slug":"datos-legales","status":"publish","type":"page","link":"https:\/\/blog.musixpand.org\/?page_id=46","title":{"rendered":"Datos legales"},"content":{"rendered":"<p><strong>Musi<span style=\"color: #ff9900; font-size: 16px;\">X<\/span><span style=\"color: #808080;\">pand<\/span><\/strong> es una asociaci\u00f3n cultural y art\u00edstica sin fines de lucro fundada en 2014 en Berango, Vizcaya, Comunidad Aut\u00f3noma Vasca (CAV), Espa\u00f1a (acta fundacional del 16 de mayo 2014).<\/p>\n<p>Figura con el n\u00famero\u00a0605937 en el Registro nacional de Asociaciones en Madrid, tiene sede social en Berango, Vizcaya (Espa\u00f1a). Tambi\u00e9n est\u00e1 inscrita en el registro de asociaciones locales de Berango.<\/p>\n<p>Su n\u00famero fiscal (CIF) es el G 95778452.<\/p>\n<p><u>Los miembros fundadores son:<\/u><\/p>\n<ul>\n<li><strong>Rapha\u00ebl Parejo-Coudert<\/strong>, etnomusic\u00f3logo y m\u00fasico franc\u00e9s (presidente), residente en Berango.<\/li>\n<li><strong>Ingrid Kuschick<\/strong>, antrop\u00f3loga y cantante alemana (secretaria), residente en Berango.<\/li>\n<li><strong>Julia Iglesias<\/strong>, m\u00fasica y cantante (tesorera), Berango.<\/li>\n<li><strong>Julen Bego\u00f1a Garaizar<\/strong>, m\u00fasico (vocal), Berango.<\/li>\n<\/ul>\n<p>&nbsp;<\/p>\n","protected":false},"excerpt":{"rendered":"<p>MusiXpand es una asociaci\u00f3n cultural y art\u00edstica sin fines de lucro fundada en 2014 en Berango, Vizcaya, Comunidad Aut\u00f3noma Vasca (CAV), Espa\u00f1a (acta fundacional del 16 de mayo 2014). Figura con el n\u00famero\u00a0605937 en el Registro nacional de Asociaciones en Madrid, tiene sede social en Berango, Vizcaya (Espa\u00f1a). Tambi\u00e9n est\u00e1 &hellip;<\/p>\n","protected":false},"author":1,"featured_media":0,"parent":0,"menu_order":4,"comment_status":"closed","ping_status":"closed","template":"","meta":{"footnotes":""},"class_list":["post-46","page","type-page","status-publish","hentry"],"_links":{"self":[{"href":"https:\/\/blog.musixpand.org\/index.php?rest_route=\/wp\/v2\/pages\/46","targetHints":{"allow":["GET"]}}],"collection":[{"href":"https:\/\/blog.musixpand.org\/index.php?rest_route=\/wp\/v2\/pages"}],"about":[{"href":"https:\/\/blog.musixpand.org\/index.php?rest_route=\/wp\/v2\/types\/page"}],"author":[{"embeddable":true,"href":"https:\/\/blog.musixpand.org\/index.php?rest_route=\/wp\/v2\/users\/1"}],"replies":[{"embeddable":true,"href":"https:\/\/blog.musixpand.org\/index.php?rest_route=%2Fwp%2Fv2%2Fcomments&post=46"}],"version-history":[{"count":2,"href":"https:\/\/blog.musixpand.org\/index.php?rest_route=\/wp\/v2\/pages\/46\/revisions"}],"predecessor-version":[{"id":592,"href":"https:\/\/blog.musixpand.org\/index.php?rest_route=\/wp\/v2\/pages\/46\/revisions\/592"}],"wp:attachment":[{"href":"https:\/\/blog.musixpand.org\/index.php?rest_route=%2Fwp%2Fv2%2Fmedia&parent=46"}],"curies":[{"name":"wp","href":"https:\/\/api.w.org\/{rel}","templated":true}]}}