{"id":406,"date":"2017-02-25T10:49:45","date_gmt":"2017-02-25T10:49:45","guid":{"rendered":"https:\/\/eventosmusixpand.wordpress.com\/?page_id=4"},"modified":"2023-10-07T00:16:52","modified_gmt":"2023-10-06T22:16:52","slug":"contacto","status":"publish","type":"page","link":"https:\/\/blog.musixpand.org\/?page_id=406","title":{"rendered":"Contacto"},"content":{"rendered":"<p style=\"text-align: justify;\">Quedamos a la escucha de los m\u00fasicos como lo indica la imagen que ilustra esta p\u00e1gina&#8230; Siempre que se porten bien, ya que Papi (el moderador del blog), aunque medio sordo, vigila las p\u00e1ginas y los posts&#8230; Pueden contactarnos por e-mail <strong>rellenando el formulario de la presente p\u00e1gina<\/strong> o llamarnos por tel\u00e9fono al n\u00famero de m\u00f3vil +34 603 815 017.<\/p>\n<h4>D\u00e9janos tu mensaje aqu\u00ed:<\/h4>\n<p style=\"text-align: center;\">\n<div class=\"wpcf7 no-js\" id=\"wpcf7-f455-o1\" lang=\"es-ES\" dir=\"ltr\" data-wpcf7-id=\"455\">\n<div class=\"screen-reader-response\"><p role=\"status\" aria-live=\"polite\" aria-atomic=\"true\"><\/p> <ul><\/ul><\/div>\n<form action=\"\/index.php?rest_route=%2Fwp%2Fv2%2Fpages%2F406#wpcf7-f455-o1\" method=\"post\" class=\"wpcf7-form init\" aria-label=\"Formulario de contacto\" novalidate=\"novalidate\" data-status=\"init\">\n<fieldset class=\"hidden-fields-container\"><input type=\"hidden\" name=\"_wpcf7\" value=\"455\" \/><input type=\"hidden\" name=\"_wpcf7_version\" value=\"6.1.5\" \/><input type=\"hidden\" name=\"_wpcf7_locale\" value=\"es_ES\" \/><input type=\"hidden\" name=\"_wpcf7_unit_tag\" value=\"wpcf7-f455-o1\" \/><input type=\"hidden\" name=\"_wpcf7_container_post\" value=\"0\" \/><input type=\"hidden\" name=\"_wpcf7_posted_data_hash\" value=\"\" \/>\n<\/fieldset>\n<p><label> Tu nombre (requerido)<br \/>\n<span class=\"wpcf7-form-control-wrap\" data-name=\"your-name\"><input size=\"40\" maxlength=\"400\" class=\"wpcf7-form-control wpcf7-text wpcf7-validates-as-required\" aria-required=\"true\" aria-invalid=\"false\" value=\"\" type=\"text\" name=\"your-name\" \/><\/span> <\/label>\n<\/p>\n<p><label> Tu correo electr\u00f3nico (requerido)<br \/>\n<span class=\"wpcf7-form-control-wrap\" data-name=\"your-email\"><input size=\"40\" maxlength=\"400\" class=\"wpcf7-form-control wpcf7-email wpcf7-validates-as-required wpcf7-text wpcf7-validates-as-email\" aria-required=\"true\" aria-invalid=\"false\" value=\"\" type=\"email\" name=\"your-email\" \/><\/span> <\/label>\n<\/p>\n<p><label> Asunto<br \/>\n<span class=\"wpcf7-form-control-wrap\" data-name=\"your-subject\"><input size=\"40\" maxlength=\"400\" class=\"wpcf7-form-control wpcf7-text\" aria-invalid=\"false\" value=\"\" type=\"text\" name=\"your-subject\" \/><\/span> <\/label>\n<\/p>\n<p><label> Tu mensaje<br \/>\n<span class=\"wpcf7-form-control-wrap\" data-name=\"your-message\"><textarea cols=\"40\" rows=\"10\" maxlength=\"2000\" class=\"wpcf7-form-control wpcf7-textarea\" aria-invalid=\"false\" name=\"your-message\"><\/textarea><\/span> <\/label>\n<\/p>\n<p><input class=\"wpcf7-form-control wpcf7-submit has-spinner\" type=\"submit\" value=\"Enviar\" \/>\n<\/p><div class=\"wpcf7-response-output\" aria-hidden=\"true\"><\/div>\n<\/form>\n<\/div>\n<\/p>\n<p>&nbsp;<\/p>\n<p><strong><span style=\"font-size: 16px;\">Estabamos basados en la localidad de Berango, en Bizkaia (Comunidad Aut\u00f3noma Vasca), Espa\u00f1a. Nos mudamos al oto\u00f1o 2020 a la localidad de Zeanuri, en el Valle de Arratia.<br \/>\n<\/span><\/strong><\/p>\n<p>&nbsp;<\/p>\n<p>[osm_map_v3 map_center=\u00bb43.0975,-2.7538&#8243; zoom=\u00bb12.0&#8243; width=\u00bb95%\u00bb height=\u00bb450&#8243; map_border=\u00bbthin solid orange\u00bb post_markers=\u00bb1&#8243; control=\u00bbfullscreen,scaleline,mouseposition\u00bb]<\/p>\n","protected":false},"excerpt":{"rendered":"<p>Pueden contactarnos por e-mail rellenando el formulario de la presente p\u00e1gina o llamarnos por tel\u00e9fono al n\u00famero de m\u00f3vil:<br \/>\n+34 688 907 978.<\/p>\n<p>Para contactar directamente a nuestra gestora art\u00edstica Ingrid Kuschick pueden mandarle un correo electr\u00f3nico a artistic-management@kuschick.eu. Les invitamos a visitar su sitio web: http:\/\/www.kuschick.eu\/<\/p>\n","protected":false},"author":1,"featured_media":68,"parent":0,"menu_order":5,"comment_status":"closed","ping_status":"closed","template":"","meta":{"footnotes":""},"class_list":["post-406","page","type-page","status-publish","has-post-thumbnail","hentry"],"_links":{"self":[{"href":"https:\/\/blog.musixpand.org\/index.php?rest_route=\/wp\/v2\/pages\/406","targetHints":{"allow":["GET"]}}],"collection":[{"href":"https:\/\/blog.musixpand.org\/index.php?rest_route=\/wp\/v2\/pages"}],"about":[{"href":"https:\/\/blog.musixpand.org\/index.php?rest_route=\/wp\/v2\/types\/page"}],"author":[{"embeddable":true,"href":"https:\/\/blog.musixpand.org\/index.php?rest_route=\/wp\/v2\/users\/1"}],"replies":[{"embeddable":true,"href":"https:\/\/blog.musixpand.org\/index.php?rest_route=%2Fwp%2Fv2%2Fcomments&post=406"}],"version-history":[{"count":10,"href":"https:\/\/blog.musixpand.org\/index.php?rest_route=\/wp\/v2\/pages\/406\/revisions"}],"predecessor-version":[{"id":434,"href":"https:\/\/blog.musixpand.org\/index.php?rest_route=\/wp\/v2\/pages\/406\/revisions\/434"}],"wp:featuredmedia":[{"embeddable":true,"href":"https:\/\/blog.musixpand.org\/index.php?rest_route=\/wp\/v2\/media\/68"}],"wp:attachment":[{"href":"https:\/\/blog.musixpand.org\/index.php?rest_route=%2Fwp%2Fv2%2Fmedia&parent=406"}],"curies":[{"name":"wp","href":"https:\/\/api.w.org\/{rel}","templated":true}]}}