{"id":37,"date":"2017-02-25T12:49:09","date_gmt":"2017-02-25T12:49:09","guid":{"rendered":"https:\/\/eventosmusixpand.wordpress.com\/?page_id=37"},"modified":"2017-02-25T12:49:09","modified_gmt":"2017-02-25T12:49:09","slug":"acciones-dirigidas-hacia-el-publico","status":"publish","type":"page","link":"https:\/\/blog.musixpand.org\/?page_id=37","title":{"rendered":"Acciones dirigidas hacia el p\u00fablico"},"content":{"rendered":"<p>Las acciones de MusiXpand hacia el p\u00fablico en general se enfocan en particular en hacer descubrir espect\u00e1culos originales, y por lo tanto la ampliaci\u00f3n de su visi\u00f3n sobre la m\u00fasica y la canci\u00f3n m\u00e1s all\u00e1 del mundo del espect\u00e1culo \u201cnivelado\u201d y uniformizado que proponen los medios televisuales, como lastimosamente muchas salas de espect\u00e1culos.<\/p>\n<p>En segundo lugar, la asociaci\u00f3n se propone hacer descubrir mediante diferentes acciones lo que son la m\u00fasica y la canci\u00f3n, come se crean y se interpretan. Puede ser por medio de talleres (de m\u00fasica, de canto, de fabricaci\u00f3n de instrumentos musicales con des artesanos especializados, sesiones de aprendizaje para descubrir lo que permite la inform\u00e1tica musical).<\/p>\n<p>Organizamos tambi\u00e9n encuentros directos entre el p\u00fablico y los artistas que trabajan con nuestra asociaci\u00f3n con fines de promover intercambios que pensamos indispensables.<\/p>\n<p>Prestamos una particular atenci\u00f3n a los ni\u00f1os en general, y al p\u00fablico escolar en especial, para el cual la oferta musical actual sigue limitada.<\/p>\n","protected":false},"excerpt":{"rendered":"<p>Las acciones de MusiXpand hacia el p\u00fablico en general se enfocan en particular en hacer descubrir espect\u00e1culos originales, y por lo tanto la ampliaci\u00f3n de su visi\u00f3n sobre la m\u00fasica y la canci\u00f3n m\u00e1s all\u00e1 del mundo del espect\u00e1culo \u201cnivelado\u201d y uniformizado que proponen los medios televisuales, como lastimosamente muchas &hellip;<\/p>\n","protected":false},"author":1,"featured_media":0,"parent":0,"menu_order":3,"comment_status":"closed","ping_status":"closed","template":"","meta":{"footnotes":""},"class_list":["post-37","page","type-page","status-publish","hentry"],"_links":{"self":[{"href":"https:\/\/blog.musixpand.org\/index.php?rest_route=\/wp\/v2\/pages\/37","targetHints":{"allow":["GET"]}}],"collection":[{"href":"https:\/\/blog.musixpand.org\/index.php?rest_route=\/wp\/v2\/pages"}],"about":[{"href":"https:\/\/blog.musixpand.org\/index.php?rest_route=\/wp\/v2\/types\/page"}],"author":[{"embeddable":true,"href":"https:\/\/blog.musixpand.org\/index.php?rest_route=\/wp\/v2\/users\/1"}],"replies":[{"embeddable":true,"href":"https:\/\/blog.musixpand.org\/index.php?rest_route=%2Fwp%2Fv2%2Fcomments&post=37"}],"version-history":[{"count":0,"href":"https:\/\/blog.musixpand.org\/index.php?rest_route=\/wp\/v2\/pages\/37\/revisions"}],"wp:attachment":[{"href":"https:\/\/blog.musixpand.org\/index.php?rest_route=%2Fwp%2Fv2%2Fmedia&parent=37"}],"curies":[{"name":"wp","href":"https:\/\/api.w.org\/{rel}","templated":true}]}}