{"id":33,"date":"2017-02-25T12:40:43","date_gmt":"2017-02-25T12:40:43","guid":{"rendered":"https:\/\/eventosmusixpand.wordpress.com\/?page_id=33"},"modified":"2017-02-25T12:40:43","modified_gmt":"2017-02-25T12:40:43","slug":"acciones-con-y-en-favor-de-los-musicos","status":"publish","type":"page","link":"https:\/\/blog.musixpand.org\/?page_id=33","title":{"rendered":"Acciones con y en favor de los m\u00fasicos"},"content":{"rendered":"<p>Se reparten globalmente en tres categor\u00edas espec\u00edficas y complementarias.<\/p>\n<h2>La promoci\u00f3n y la organizaci\u00f3n de conciertos y otros espect\u00e1culos<\/h2>\n<p>La asociaci\u00f3n pone en contacto m\u00fasicos y cantantes (tanto int\u00e9rpretes como autores y compositores) con entidades diversas susceptibles de recibir y de promover su espect\u00e1culo, gestiona su estancia y la organizaci\u00f3n de los espect\u00e1culos en colaboraci\u00f3n con los responsables de las entidades concernidas. Estas entidades pueden ser de naturalezas distintas y de diferentes tama\u00f1os: festivales, fiestas de verano u otros per\u00edodos del a\u00f1o, teatros, salas de espect\u00e1culos y conciertos, pero tambi\u00e9n caf\u00e9s-teatros, \u201cpubs\u201d, caf\u00e9s cantantes, restaurantes espect\u00e1culos, etc\u00e9tera. La asociaci\u00f3n puede organizar ella misma festivales, conciertos y otros eventos.<\/p>\n<h2>La promoci\u00f3n de intercambios entre m\u00fasicos de estilos y pa\u00edses diferentes con fines de ayudar a la creaci\u00f3n<\/h2>\n<p>MusiXpand promueve los contactos y encuentros entre m\u00fasicos de estilos musicales y\/o pa\u00edses diferentes, con un esp\u00edritu de intercambio y de creatividad, apoyando la formaci\u00f3n de nuevas alianzas art\u00edsticas, o la emergencia de nuevos grupos musicales, y surgimiento de nuevos repertorios. Se hace favoreciendo siempre la calidad de las relaciones interpersonales entre m\u00fasicos y cantantes, autores y compositores, y la calidad de la producci\u00f3n musical.<\/p>\n<h2>Las acciones de formaci\u00f3n complementaria<\/h2>\n<p>Los fundadores de MusiXpand, todos m\u00fasicos o cantantes, son conscientes de la necesidad para los artistas de complementar sus saberes y quehaceres, sean musicales, legales, o t\u00e9cnicos, y ampliar sus competencias esc\u00e9nicas. Por ello propone ciclos y seminarios de formaci\u00f3n animados por especialistas.<\/p>\n<p><u>Entre las formaciones propuestas figuran:<\/u><\/p>\n<ul>\n<li>Formaciones ling\u00fc\u00edsticas especializadas para poder cantar y expresarse en el escenario en otros idiomas que el idioma maternal de los artistas, con el prop\u00f3sito de permitirles proponer una oferta m\u00e1s amplia y por lo tanto aumentar sus posibilidades de actuar.<\/li>\n<li>El perfeccionamiento de la t\u00e9cnica instrumental y\/o del canto, con m\u00fasicos de alto nivel, privilegiando otra vez la calidad de la relaci\u00f3n interpersonal entre \u201calumnos\u201d y \u201cdocentes\u201d.<\/li>\n<li>Talleres musicales colectivos, que permiten descubrir otros instrumentos, otros estilos musicales, como de practicar la improvisaci\u00f3n y la composici\u00f3n.<\/li>\n<li>Formaci\u00f3n t\u00e9cnica en audio y audiovisual, como la utilizaci\u00f3n \u00f3ptima de los micr\u00f3fonos tanto en el escenario como en estudio, el conocimiento de las buenas pr\u00e1cticas esc\u00e9nicas como la utilizaci\u00f3n correcta de los equipos de sonorizaci\u00f3n y de luz, formaciones a la inform\u00e1tica musical (MAO), tanto en el plano de la producci\u00f3n audio (grabaci\u00f3n, mezcla, optimizaci\u00f3n del sonido, montaje de maquetas de discos) y audiovisual (por ejemplo clips videos promocionales), como en marco de la composici\u00f3n musical asistida por ordenador, etc\u00e9tera.<\/li>\n<li>Formaci\u00f3n espec\u00edfica sobre el montaje de un repertorio coherente, la creaci\u00f3n de eventos y su promoci\u00f3n, en particular espect\u00e1culos, la escritura de guiones adaptados a la m\u00fasica y a la canci\u00f3n en escenario.<\/li>\n<\/ul>\n<p>Formaci\u00f3n jur\u00eddica, en especial la gesti\u00f3n de los contratos, el seguro social, el r\u00e9gimen fiscal, pero tambi\u00e9n la ampliaci\u00f3n de conocimientos en cuanto a la legislaci\u00f3n que rige los derechos de autor y derechos anexos y derivados, entre los cuales los del int\u00e9rprete.<\/p>\n","protected":false},"excerpt":{"rendered":"<p>Se reparten globalmente en tres categor\u00edas espec\u00edficas y complementarias. La promoci\u00f3n y la organizaci\u00f3n de conciertos y otros espect\u00e1culos La asociaci\u00f3n pone en contacto m\u00fasicos y cantantes (tanto int\u00e9rpretes como autores y compositores) con entidades diversas susceptibles de recibir y de promover su espect\u00e1culo, gestiona su estancia y la organizaci\u00f3n &hellip;<\/p>\n","protected":false},"author":1,"featured_media":0,"parent":0,"menu_order":2,"comment_status":"closed","ping_status":"closed","template":"","meta":{"footnotes":""},"class_list":["post-33","page","type-page","status-publish","hentry"],"_links":{"self":[{"href":"https:\/\/blog.musixpand.org\/index.php?rest_route=\/wp\/v2\/pages\/33","targetHints":{"allow":["GET"]}}],"collection":[{"href":"https:\/\/blog.musixpand.org\/index.php?rest_route=\/wp\/v2\/pages"}],"about":[{"href":"https:\/\/blog.musixpand.org\/index.php?rest_route=\/wp\/v2\/types\/page"}],"author":[{"embeddable":true,"href":"https:\/\/blog.musixpand.org\/index.php?rest_route=\/wp\/v2\/users\/1"}],"replies":[{"embeddable":true,"href":"https:\/\/blog.musixpand.org\/index.php?rest_route=%2Fwp%2Fv2%2Fcomments&post=33"}],"version-history":[{"count":0,"href":"https:\/\/blog.musixpand.org\/index.php?rest_route=\/wp\/v2\/pages\/33\/revisions"}],"wp:attachment":[{"href":"https:\/\/blog.musixpand.org\/index.php?rest_route=%2Fwp%2Fv2%2Fmedia&parent=33"}],"curies":[{"name":"wp","href":"https:\/\/api.w.org\/{rel}","templated":true}]}}