{"id":102,"date":"2017-02-26T18:56:52","date_gmt":"2017-02-26T18:56:52","guid":{"rendered":"https:\/\/eventosmusixpand.wordpress.com\/?page_id=102"},"modified":"2017-02-26T18:56:52","modified_gmt":"2017-02-26T18:56:52","slug":"enlaces","status":"publish","type":"page","link":"https:\/\/blog.musixpand.org\/?page_id=102","title":{"rendered":"Enlaces"},"content":{"rendered":"<h1>P\u00e1ginas y sitios web<\/h1>\n<h1>vinculados con MusiXpand<\/h1>\n<p>Sitio Web Oficial: <a href=\"http:\/\/www.musixpand.org\" target=\"_blank\">http:\/\/www.musixpand.org<\/a><\/p>\n<p>P\u00e1gina Facebook: <a href=\"https:\/\/www.facebook.com\/MusiXpand-1560664474175345\" target=\"_blank\">https:\/\/www.facebook.com\/MusiXpand-1560664474175345<\/a><\/p>\n<p>Sitio web de Ingrid Kuschick (gesti\u00f3n art\u00edstica): <a href=\"http:\/\/www.kuschick.eu\/\" target=\"_blank\">http:\/\/www.kuschick.eu\/<\/a><\/p>\n<p>Web oficial de la plataforma M\u00f6bius Sounds Project: <a href=\"http:\/\/www.mobiussoundsproject.net\" target=\"_blank\">http:\/\/www.mobiussoundsproject.net<\/a><\/p>\n<p>M\u00f6bius Sounds Project, el blog: <a href=\"https:\/\/mobiussoundsproject.wordpress.com\/\" target=\"_blank\">https:\/\/mobiussoundsproject.wordpress.com\/<\/a><\/p>\n<h1>Organismos oficiales y sindicatos de artistas<\/h1>\n<p>SGAE (<span class=\"result_url_heading\">Sociedad General de Autores y Editores<\/span>): <a href=\"http:\/\/www.sgae.es\/es-ES\/SitePages\/index.aspx\" target=\"_blank\">http:\/\/www.sgae.es\/es-ES\/SitePages\/index.aspx<\/a><\/p>\n<p>Fundaci\u00f3n SGAE: <a href=\"http:\/\/www.fundacionsgae.org\/es-es\/sitepages\/Inicio.aspx\" target=\"_blank\">http:\/\/www.fundacionsgae.org\/es-es\/sitepages\/Inicio.aspx<\/a><\/p>\n<p><strong>Uni\u00f3n Estatal de Sindicatos de M\u00fasicos, Int\u00e9rpretes y Compositoras<\/strong><br \/>\nFacebook: <a href=\"https:\/\/www.facebook.com\/unionestataldesindicatosdemusicos\/\" target=\"_blank\">https:\/\/www.facebook.com\/unionestataldesindicatosdemusicos\/<\/a><br \/>\nTwitter: <a href=\"https:\/\/twitter.com\/FrentePop\" target=\"_blank\">https:\/\/twitter.com\/FrentePop<\/a><br \/>\nE-mail: <a href=\"mailto:union.musicos@gmail.com\" target=\"_blank\">union.musicos@gmail.com<\/a><\/p>\n","protected":false},"excerpt":{"rendered":"<p>P\u00e1ginas y sitios web vinculados con MusiXpand Sitio Web Oficial: http:\/\/www.musixpand.org P\u00e1gina Facebook: https:\/\/www.facebook.com\/MusiXpand-1560664474175345 Sitio web de Ingrid Kuschick (gesti\u00f3n art\u00edstica): http:\/\/www.kuschick.eu\/ Web oficial de la plataforma M\u00f6bius Sounds Project: http:\/\/www.mobiussoundsproject.net M\u00f6bius Sounds Project, el blog: https:\/\/mobiussoundsproject.wordpress.com\/ Organismos oficiales y sindicatos de artistas SGAE (Sociedad General de Autores y Editores): &hellip;<\/p>\n","protected":false},"author":1,"featured_media":118,"parent":0,"menu_order":2,"comment_status":"closed","ping_status":"closed","template":"","meta":{"footnotes":""},"class_list":["post-102","page","type-page","status-publish","has-post-thumbnail","hentry"],"_links":{"self":[{"href":"https:\/\/blog.musixpand.org\/index.php?rest_route=\/wp\/v2\/pages\/102","targetHints":{"allow":["GET"]}}],"collection":[{"href":"https:\/\/blog.musixpand.org\/index.php?rest_route=\/wp\/v2\/pages"}],"about":[{"href":"https:\/\/blog.musixpand.org\/index.php?rest_route=\/wp\/v2\/types\/page"}],"author":[{"embeddable":true,"href":"https:\/\/blog.musixpand.org\/index.php?rest_route=\/wp\/v2\/users\/1"}],"replies":[{"embeddable":true,"href":"https:\/\/blog.musixpand.org\/index.php?rest_route=%2Fwp%2Fv2%2Fcomments&post=102"}],"version-history":[{"count":0,"href":"https:\/\/blog.musixpand.org\/index.php?rest_route=\/wp\/v2\/pages\/102\/revisions"}],"wp:featuredmedia":[{"embeddable":true,"href":"https:\/\/blog.musixpand.org\/index.php?rest_route=\/wp\/v2\/media\/118"}],"wp:attachment":[{"href":"https:\/\/blog.musixpand.org\/index.php?rest_route=%2Fwp%2Fv2%2Fmedia&parent=102"}],"curies":[{"name":"wp","href":"https:\/\/api.w.org\/{rel}","templated":true}]}}